{"id":124,"date":"2024-01-21T23:48:06","date_gmt":"2024-01-21T23:48:06","guid":{"rendered":"https:\/\/iom2024.ulpgc.es\/?page_id=124"},"modified":"2024-02-28T23:18:18","modified_gmt":"2024-02-28T23:18:18","slug":"keynote-speakers","status":"publish","type":"page","link":"https:\/\/iom2024.ulpgc.es\/?page_id=124","title":{"rendered":"Keynote speakers"},"content":{"rendered":"\n<hr class=\"wp-block-separator has-alpha-channel-opacity\"\/>\n\n\n\n<p class=\"has-medium-font-size\"><strong><a href=\"https:\/\/ecvmicro.org\/blog\/profile\/dr-hector-arguello-rodriguez\/\" data-type=\"link\" data-id=\"https:\/\/ecvmicro.org\/blog\/profile\/dr-hector-arguello-rodriguez\/\" target=\"_blank\" rel=\"noreferrer noopener\">Dr. H\u00e9ctor Arg\u00fcello-Rodr\u00edguez<\/a><\/strong><\/p>\n\n\n\n<div class=\"wp-block-columns is-layout-flex wp-container-core-columns-layout-1 wp-block-columns-is-layout-flex\">\n<div class=\"wp-block-column is-layout-flow wp-block-column-is-layout-flow\">\n<p><em>Conference title:<strong> <\/strong><\/em><\/p>\n\n\n\n<p><em><strong>&#8220;Disclosing pig-pathogen interactions&nbsp;through meta-omics tools&#8221;<\/strong><\/em><\/p>\n\n\n\n<p>Dr. H\u00e9ctor Arg\u00fcello-Rodr\u00edguez is a Doctor in Veterinary Medicine and holds a Ph.D. in Animal Health. After acting as Research Officer at the Food Safety Department at Teagasc (Dublin, Ireland) and at the Genetics Department of the University of Cordoba (Spain), he joined the University of Leon, Spain, as an Associate Professor. He is also a diplomate of the European College of Veterinary Microbiology.<\/p>\n\n\n\n<p>His research interests are focusing on host-pathogen-microbiota interactions in intestinal infectious diseases in pigs, on strategies for controlling antimicrobial and on the study of microbiome-resistome interactions in pig industry.<\/p>\n\n\n\n<p>Dr. Arg\u00fcello is the co-author of a relevant number of articles (Anim. Microbiome, Gut Pathog, Vet. Res., Microbiome among others) and actively collaborates with EFSA, FAO and national research agencies.<\/p>\n<\/div>\n\n\n\n<div class=\"wp-block-column is-layout-flow wp-block-column-is-layout-flow\">\n<figure class=\"wp-block-image size-large\"><img loading=\"lazy\" decoding=\"async\" width=\"699\" height=\"1024\" src=\"https:\/\/iom2024.ulpgc.es\/wp-content\/uploads\/2024\/02\/Hector_profile_2-699x1024.jpg\" alt=\"\" class=\"wp-image-177\" srcset=\"https:\/\/iom2024.ulpgc.es\/wp-content\/uploads\/2024\/02\/Hector_profile_2-699x1024.jpg 699w, https:\/\/iom2024.ulpgc.es\/wp-content\/uploads\/2024\/02\/Hector_profile_2-205x300.jpg 205w, https:\/\/iom2024.ulpgc.es\/wp-content\/uploads\/2024\/02\/Hector_profile_2-768x1125.jpg 768w, https:\/\/iom2024.ulpgc.es\/wp-content\/uploads\/2024\/02\/Hector_profile_2.jpg 865w\" sizes=\"(max-width: 699px) 100vw, 699px\" \/><\/figure>\n<\/div>\n<\/div>\n\n\n\n<hr class=\"wp-block-separator has-alpha-channel-opacity\"\/>\n\n\n\n<p class=\"has-medium-font-size\"><a href=\"https:\/\/www.jic.ac.uk\/people\/saskia-hogenhout\/\" data-type=\"link\" data-id=\"https:\/\/www.jic.ac.uk\/people\/saskia-hogenhout\/\" target=\"_blank\" rel=\"noreferrer noopener\"><strong>Prof. Saskia Hogenhout<\/strong><\/a><\/p>\n\n\n\n<div class=\"wp-block-columns is-layout-flex wp-container-core-columns-layout-2 wp-block-columns-is-layout-flex\">\n<div class=\"wp-block-column is-layout-flow wp-block-column-is-layout-flow\">\n<p><em>Conference title:<strong> <\/strong><\/em><\/p>\n\n\n\n<p><strong><em>&#8220;How a mollicute induces developmental changes in its host and attracts insect<\/em><\/strong> <strong><em>vectors&#8221;<\/em><\/strong><\/p>\n\n\n\n<p>Professor Saskia Hogenhout is a Group Leader in the Department of Crop Genetics at the John Innes Centre and Honorary Professor at the School of Biological Sciences, University of East Anglia, Norwich, UK. Her research primarily delves into the intricate dynamics between plants and insects, particularly emphasizing the influence of microbes within these relationships. A significant focus of her work is the study of phytoplasmas\u2014pathogens transmitted by insect vectors\u2014which induce severe morphological changes in plants, such as witches&#8217; brooms and phyllody. Her team has made pioneering discoveries, revealing that these pathogens emit virulence proteins, or effectors, that specifically target and disrupt plant transcription factors crucial for developmental regulation. This interference promotes breakdown of these transcription factors, effectively short-circuiting plant pathways and circumventing the usual ubiquitination process, resulting in dramatic developmental defects. Furthermore, her research has highlighted that plants exhibiting symptoms of these diseases attract insect vectors more effectively, thereby facilitating the widespread dissemination of phytoplasmas. In addition, she has been instrumental in developing genomic tools and conducting functional analyses of effectors found in the saliva of various sap-feeding insects from the Hemiptera order, which are known carriers of plant pathogens. Her contributions span an array of fields including genomics, molecular genetics, entomology, plant pathology, virology, bacteriology, and recently, population biology and mechanistic modelling.<\/p>\n\n\n\n<p>Professor Hogenhout has authored over 100 articles in prestigious international journals, including Cell, PNAS, Molecular Biology and Evolution, PLoS Pathogens, among others.<\/p>\n<\/div>\n\n\n\n<div class=\"wp-block-column is-layout-flow wp-block-column-is-layout-flow\">\n<figure class=\"wp-block-image size-full is-resized\"><img loading=\"lazy\" decoding=\"async\" width=\"300\" height=\"300\" src=\"https:\/\/iom2024.ulpgc.es\/wp-content\/uploads\/2024\/02\/image-3.png\" alt=\"\" class=\"wp-image-222\" style=\"width:367px;height:auto\" srcset=\"https:\/\/iom2024.ulpgc.es\/wp-content\/uploads\/2024\/02\/image-3.png 300w, https:\/\/iom2024.ulpgc.es\/wp-content\/uploads\/2024\/02\/image-3-150x150.png 150w\" sizes=\"(max-width: 300px) 100vw, 300px\" \/><\/figure>\n<\/div>\n<\/div>\n\n\n\n<hr class=\"wp-block-separator has-alpha-channel-opacity\"\/>\n\n\n\n<p class=\"has-medium-font-size\"><strong><a href=\"https:\/\/rocheben.github.io\/\" target=\"_blank\" rel=\"noreferrer noopener\">Dr. Benjamin Roche<\/a><\/strong><\/p>\n\n\n\n<div class=\"wp-block-columns is-layout-flex wp-container-core-columns-layout-3 wp-block-columns-is-layout-flex\">\n<div class=\"wp-block-column is-layout-flow wp-block-column-is-layout-flow\">\n<p><em>Conference title:<strong> <\/strong><\/em><\/p>\n\n\n\n<p><em><strong>&#8220;Understanding the interplay between host and pathogen diversities: opportunities for prevention of emerging infections?&#8221;<\/strong><\/em><\/p>\n\n\n\n<p>Dr Benjamin Roche holds a PhD in Ecology and Evolutionary Biology. He is currently a Research Director at the French National Institute for sustainable Development (IRD), where he is the \u201cOne Health\u201d scientific advisor of the CEO, as well as an associate professor at the National Autonomous University of Mexico (UNAM). He is one of the co-founders and co-coordinator of PREZODE, an international initiative aiming at preventing zoonotic diseases emergence.<\/p>\n\n\n\n<p>His research focuses on a cross-disciplinary approach between evolutionary ecology and public health. Most specifically, he is interested in how host and pathogen diversity can affect the transmission of infectious diseases. He has also studied the interactions between ecological and societal processes in pathogens propagation. Although rooted in fundamental research, his projects offer operational opportunities to improve public health strategies.<\/p>\n\n\n\n<p>Benjamin Roche has published more than 100 articles in international journals (The Lancet, Ecology Letters, PLoS Biology, PNAS, PLoS Pathogens, Trends in Parasitology, eLife, Philosophical Transactions of the Royal Society among others).<\/p>\n<\/div>\n\n\n\n<div class=\"wp-block-column is-layout-flow wp-block-column-is-layout-flow\">\n<figure class=\"wp-block-image size-full\"><img loading=\"lazy\" decoding=\"async\" width=\"621\" height=\"859\" src=\"https:\/\/iom2024.ulpgc.es\/wp-content\/uploads\/2024\/02\/moi.jpg\" alt=\"\" class=\"wp-image-152\" srcset=\"https:\/\/iom2024.ulpgc.es\/wp-content\/uploads\/2024\/02\/moi.jpg 621w, https:\/\/iom2024.ulpgc.es\/wp-content\/uploads\/2024\/02\/moi-217x300.jpg 217w\" sizes=\"(max-width: 621px) 100vw, 621px\" \/><\/figure>\n<\/div>\n<\/div>\n\n\n\n<hr class=\"wp-block-separator has-alpha-channel-opacity\"\/>\n","protected":false},"excerpt":{"rendered":"<p>Dr. H\u00e9ctor Arg\u00fcello-Rodr\u00edguez Conference title: &#8220;Disclosing pig-pathogen interactions&nbsp;through meta-omics tools&#8221; Dr. H\u00e9ctor Arg\u00fcello-Rodr\u00edguez is a Doctor in Veterinary Medicine and holds a Ph.D. in Animal Health. After acting as Research Officer at the Food Safety Department at Teagasc (Dublin, Ireland) and at the Genetics Department of the University of Cordoba (Spain), he joined the University [&hellip;]<\/p>\n","protected":false},"author":1,"featured_media":0,"parent":0,"menu_order":0,"comment_status":"closed","ping_status":"closed","template":"","meta":{"footnotes":""},"_links":{"self":[{"href":"https:\/\/iom2024.ulpgc.es\/index.php?rest_route=\/wp\/v2\/pages\/124"}],"collection":[{"href":"https:\/\/iom2024.ulpgc.es\/index.php?rest_route=\/wp\/v2\/pages"}],"about":[{"href":"https:\/\/iom2024.ulpgc.es\/index.php?rest_route=\/wp\/v2\/types\/page"}],"author":[{"embeddable":true,"href":"https:\/\/iom2024.ulpgc.es\/index.php?rest_route=\/wp\/v2\/users\/1"}],"replies":[{"embeddable":true,"href":"https:\/\/iom2024.ulpgc.es\/index.php?rest_route=%2Fwp%2Fv2%2Fcomments&post=124"}],"version-history":[{"count":13,"href":"https:\/\/iom2024.ulpgc.es\/index.php?rest_route=\/wp\/v2\/pages\/124\/revisions"}],"predecessor-version":[{"id":239,"href":"https:\/\/iom2024.ulpgc.es\/index.php?rest_route=\/wp\/v2\/pages\/124\/revisions\/239"}],"wp:attachment":[{"href":"https:\/\/iom2024.ulpgc.es\/index.php?rest_route=%2Fwp%2Fv2%2Fmedia&parent=124"}],"curies":[{"name":"wp","href":"https:\/\/api.w.org\/{rel}","templated":true}]}}